{"id":833,"date":"2025-12-09T14:49:19","date_gmt":"2025-12-09T12:49:19","guid":{"rendered":"https:\/\/veiling.rooice.nl\/?post_type=product&#038;p=833"},"modified":"2026-01-16T14:50:23","modified_gmt":"2026-01-16T12:50:23","slug":"kittelkupke-pakket-3-flessen-met-145-alc-apres-spezi-apres-skiwasser-en-viva-sgroppino","status":"publish","type":"product","link":"https:\/\/veiling.rooice.nl\/en\/product\/kittelkupke-pakket-3-flessen-met-145-alc-apres-spezi-apres-skiwasser-en-viva-sgroppino\/","title":{"rendered":"Kittelk\u00fbpke pakket! 3 flessen met 14,5% alc.: Apr\u00e8s-Spezi, Apr\u00e8s-Skiwasser en Viva-Sgroppino"},"content":{"rendered":"<p><span data-sheets-root=\"1\">Kittelk\u00fbpke pakket! 3 flessen met 14,5% alc.: Apr\u00e8s-Spezi, Apr\u00e8s-Skiwasser en Viva-Sgroppino<\/span><\/p>\n<p><a href=\"http:\/\/www.kittelkupke.nl\">www.kittelkupke.nl<\/a><\/p>\n<p data-start=\"79\" data-end=\"327\">Deze kavel wordt aangeboden door Kittelk\u00fbpke<\/p>\n<p data-start=\"79\" data-end=\"327\">","protected":false},"excerpt":{"rendered":"<p><span data-sheets-root=\"1\">Kittelk\u00fbpke pakket! 3 flessen met 14,5% alc.: Apr\u00e8s-Spezi, Apr\u00e8s-Skiwasser en Viva-Sgroppino<\/span><\/p>\n<p><a href=\"http:\/\/www.kittelkupke.nl\">www.kittelkupke.nl<\/a><\/p>\n<p data-start=\"79\" data-end=\"327\">Deze kavel wordt aangeboden door Kittelk\u00fbpke<\/p>\n<p data-start=\"79\" data-end=\"327\">","protected":false},"featured_media":834,"template":"","meta":{"_et_pb_use_builder":"","_et_pb_old_content":"","_et_gb_content_width":""},"product_brand":[],"product_cat":[20],"product_tag":[84,85],"class_list":{"0":"post-833","1":"product","2":"type-product","3":"status-publish","4":"has-post-thumbnail","6":"product_cat-fysiek","7":"product_tag-drank","8":"product_tag-pakket","10":"first","11":"instock","12":"sold-individually","13":"shipping-taxable","14":"product-type-auction"},"_links":{"self":[{"href":"https:\/\/veiling.rooice.nl\/en\/wp-json\/wp\/v2\/product\/833","targetHints":{"allow":["GET"]}}],"collection":[{"href":"https:\/\/veiling.rooice.nl\/en\/wp-json\/wp\/v2\/product"}],"about":[{"href":"https:\/\/veiling.rooice.nl\/en\/wp-json\/wp\/v2\/types\/product"}],"wp:featuredmedia":[{"embeddable":true,"href":"https:\/\/veiling.rooice.nl\/en\/wp-json\/wp\/v2\/media\/834"}],"wp:attachment":[{"href":"https:\/\/veiling.rooice.nl\/en\/wp-json\/wp\/v2\/media?parent=833"}],"wp:term":[{"taxonomy":"product_brand","embeddable":true,"href":"https:\/\/veiling.rooice.nl\/en\/wp-json\/wp\/v2\/product_brand?post=833"},{"taxonomy":"product_cat","embeddable":true,"href":"https:\/\/veiling.rooice.nl\/en\/wp-json\/wp\/v2\/product_cat?post=833"},{"taxonomy":"product_tag","embeddable":true,"href":"https:\/\/veiling.rooice.nl\/en\/wp-json\/wp\/v2\/product_tag?post=833"}],"curies":[{"name":"wp","href":"https:\/\/api.w.org\/{rel}","templated":true}]}}