{"id":285,"date":"2025-10-16T10:27:35","date_gmt":"2025-10-16T10:27:35","guid":{"rendered":"https:\/\/veiling.rooice.nl\/cart\/"},"modified":"2025-10-21T12:17:19","modified_gmt":"2025-10-21T12:17:19","slug":"winkelmandje","status":"publish","type":"page","link":"https:\/\/veiling.rooice.nl\/en\/winkelmandje\/","title":{"rendered":"Jouw winkelmandje"},"content":{"rendered":"<div data-block-name=\"woocommerce\/cart\" class=\"wp-block-woocommerce-cart alignwide is-loading\">\n<div data-block-name=\"woocommerce\/filled-cart-block\" class=\"wp-block-woocommerce-filled-cart-block\">\n<div data-block-name=\"woocommerce\/cart-items-block\" class=\"wp-block-woocommerce-cart-items-block\">\n<div data-block-name=\"woocommerce\/cart-line-items-block\" class=\"wp-block-woocommerce-cart-line-items-block\"><\/div>\n\n\n<\/div>\n\n\n\n<div data-block-name=\"woocommerce\/cart-totals-block\" class=\"wp-block-woocommerce-cart-totals-block\">\n<div data-block-name=\"woocommerce\/cart-order-summary-block\" class=\"wp-block-woocommerce-cart-order-summary-block\">\n<div data-block-name=\"woocommerce\/cart-order-summary-heading-block\" data-content=\"Totalen winkelwagen\" class=\"wp-block-woocommerce-cart-order-summary-heading-block\"><\/div>\n\n\n\n<div data-block-name=\"woocommerce\/cart-order-summary-coupon-form-block\" class=\"wp-block-woocommerce-cart-order-summary-coupon-form-block\"><\/div>\n\n\n\n<div data-block-name=\"woocommerce\/cart-order-summary-totals-block\" class=\"wp-block-woocommerce-cart-order-summary-totals-block\">\n<div data-block-name=\"woocommerce\/cart-order-summary-subtotal-block\" class=\"wp-block-woocommerce-cart-order-summary-subtotal-block\"><\/div>\n\n\n\n<div data-block-name=\"woocommerce\/cart-order-summary-fee-block\" class=\"wp-block-woocommerce-cart-order-summary-fee-block\"><\/div>\n\n\n\n<div data-block-name=\"woocommerce\/cart-order-summary-discount-block\" class=\"wp-block-woocommerce-cart-order-summary-discount-block\"><\/div>\n\n\n\n<div data-block-name=\"woocommerce\/cart-order-summary-shipping-block\" class=\"wp-block-woocommerce-cart-order-summary-shipping-block\"><\/div>\n\n\n\n<div data-block-name=\"woocommerce\/cart-order-summary-taxes-block\" class=\"wp-block-woocommerce-cart-order-summary-taxes-block\"><\/div>\n<\/div>\n<\/div>\n\n\n\n<div data-block-name=\"woocommerce\/cart-express-payment-block\" class=\"wp-block-woocommerce-cart-express-payment-block\"><\/div>\n\n\n\n<div data-block-name=\"woocommerce\/proceed-to-checkout-block\" class=\"wp-block-woocommerce-proceed-to-checkout-block\"><\/div>\n\n\n\n<div data-block-name=\"woocommerce\/cart-accepted-payment-methods-block\" class=\"wp-block-woocommerce-cart-accepted-payment-methods-block\"><\/div>\n<\/div>\n<\/div>\n\n\n\n<div data-block-name=\"woocommerce\/empty-cart-block\" class=\"wp-block-woocommerce-empty-cart-block\">\n<h2 class=\"wp-block-heading has-text-align-center with-empty-cart-icon wc-block-cart__empty-cart__title\">Your cart is currently empty!<\/h2>\n\n\n\n<hr class=\"wp-block-separator has-alpha-channel-opacity is-style-dots\"\/>\n\n\n\n<h2 class=\"wp-block-heading has-text-align-center\">New in store<\/h2>\n\n\n<div data-block-name=\"woocommerce\/product-new\" data-columns=\"4\" data-rows=\"1\" class=\"wc-block-grid wp-block-product-new wp-block-woocommerce-product-new wc-block-product-new has-4-columns\"><ul class=\"wc-block-grid__products\"><li class=\"wc-block-grid__product\">\n\t\t\t\t<a href=\"https:\/\/veiling.rooice.nl\/en\/product\/winterpakket-van-jola-mode\/\" class=\"wc-block-grid__product-link\">\n\t\t\t\t\t\n\t\t\t\t\t<div class=\"wc-block-grid__product-image\"><img loading=\"lazy\" decoding=\"async\" width=\"300\" height=\"300\" src=\"https:\/\/veiling.rooice.nl\/wp-content\/uploads\/IMG20251120183626-1-300x300.jpg\" class=\"attachment-woocommerce_thumbnail size-woocommerce_thumbnail\" alt=\"Winterpakket van Jola Mode\" \/><\/div>\n\t\t\t\t\t<div class=\"wc-block-grid__product-title\">Winterpakket van Jola Mode<\/div>\n\t\t\t\t<\/a>\n\t\t\t\t<div class=\"wc-block-grid__product-price price\"><span class=\"woo-ua-winned-for expired\">Auction Expired<\/span> <\/div>\n\t\t\t\t\n\t\t\t\t<div class=\"wp-block-button wc-block-grid__product-add-to-cart\"><a href=\"https:\/\/veiling.rooice.nl\/en\/product\/winterpakket-van-jola-mode\/\" aria-label=\"Read more about \u201cWinterpakket van Jola Mode\u201d\" data-quantity=\"1\" data-product_id=\"841\" data-product_sku=\"\" data-price=\"0\" rel=\"nofollow\" class=\"wp-block-button__link  add_to_cart_button\" data-no-translation-aria-label=\"\">Expired<\/a><\/div>\n\t\t\t<\/li><li class=\"wc-block-grid__product\">\n\t\t\t\t<a href=\"https:\/\/veiling.rooice.nl\/en\/product\/cadeaupakket-schijvens-mode\/\" class=\"wc-block-grid__product-link\">\n\t\t\t\t\t\n\t\t\t\t\t<div class=\"wc-block-grid__product-image\"><img loading=\"lazy\" decoding=\"async\" width=\"300\" height=\"300\" src=\"https:\/\/veiling.rooice.nl\/wp-content\/uploads\/WhatsApp-Image-2025-12-09-at-11.53.04-300x300.jpeg\" class=\"attachment-woocommerce_thumbnail size-woocommerce_thumbnail\" alt=\"Cadeaupakket Schijvens Mode\" \/><\/div>\n\t\t\t\t\t<div class=\"wc-block-grid__product-title\">Cadeaupakket Schijvens Mode<\/div>\n\t\t\t\t<\/a>\n\t\t\t\t<div class=\"wc-block-grid__product-price price\"><span class=\"woo-ua-winned-for expired\">Auction Expired<\/span> <\/div>\n\t\t\t\t\n\t\t\t\t<div class=\"wp-block-button wc-block-grid__product-add-to-cart\"><a href=\"https:\/\/veiling.rooice.nl\/en\/product\/cadeaupakket-schijvens-mode\/\" aria-label=\"Read more about \u201cCadeaupakket Schijvens Mode\u201d\" data-quantity=\"1\" data-product_id=\"835\" data-product_sku=\"\" data-price=\"0\" rel=\"nofollow\" class=\"wp-block-button__link  add_to_cart_button\" data-no-translation-aria-label=\"\">Expired<\/a><\/div>\n\t\t\t<\/li><li class=\"wc-block-grid__product\">\n\t\t\t\t<a href=\"https:\/\/veiling.rooice.nl\/en\/product\/kittelkupke-pakket-3-flessen-met-145-alc-apres-spezi-apres-skiwasser-en-viva-sgroppino\/\" class=\"wc-block-grid__product-link\">\n\t\t\t\t\t\n\t\t\t\t\t<div class=\"wc-block-grid__product-image\"><img loading=\"lazy\" decoding=\"async\" width=\"300\" height=\"300\" src=\"https:\/\/veiling.rooice.nl\/wp-content\/uploads\/Bundel-300x300.png\" class=\"attachment-woocommerce_thumbnail size-woocommerce_thumbnail\" alt=\"Kittelk\u00fbpke pakket! 3 flessen met 14,5% alc.: Apr\u00e8s-Spezi, Apr\u00e8s-Skiwasser en Viva-Sgroppino\" \/><\/div>\n\t\t\t\t\t<div class=\"wc-block-grid__product-title\">Kittelk\u00fbpke pakket! 3 flessen met 14,5% alc.: Apr\u00e8s-Spezi, Apr\u00e8s-Skiwasser en Viva-Sgroppino<\/div>\n\t\t\t\t<\/a>\n\t\t\t\t<div class=\"wc-block-grid__product-price price\"><span class=\"woo-ua-winned-for winning_bid\">Winning Bid<\/span>: <span class=\"woocommerce-Price-amount amount\"><span class=\"woocommerce-Price-currencySymbol\">\u20ac<\/span>&nbsp;30,00<\/span><\/div>\n\t\t\t\t\n\t\t\t\t<div class=\"wp-block-button wc-block-grid__product-add-to-cart\"><a href=\"https:\/\/veiling.rooice.nl\/en\/product\/kittelkupke-pakket-3-flessen-met-145-alc-apres-spezi-apres-skiwasser-en-viva-sgroppino\/\" aria-label=\"Read more about \u201cKittelk\u00fbpke pakket! 3 flessen met 14,5% alc.: Apr\u00e8s-Spezi, Apr\u00e8s-Skiwasser en Viva-Sgroppino\u201d\" data-quantity=\"1\" data-product_id=\"833\" data-product_sku=\"\" data-price=\"30\" rel=\"nofollow\" class=\"wp-block-button__link  add_to_cart_button\" data-no-translation-aria-label=\"\">Expired<\/a><\/div>\n\t\t\t<\/li><li class=\"wc-block-grid__product\">\n\t\t\t\t<a href=\"https:\/\/veiling.rooice.nl\/en\/product\/2-maanden-sporten-bij-fysiofocus\/\" class=\"wc-block-grid__product-link\">\n\t\t\t\t\t\n\t\t\t\t\t<div class=\"wc-block-grid__product-image\"><img loading=\"lazy\" decoding=\"async\" width=\"300\" height=\"300\" src=\"https:\/\/veiling.rooice.nl\/wp-content\/uploads\/DSC06132-2022-01-23-21_23_29-768x512.jpg-300x300.webp\" class=\"attachment-woocommerce_thumbnail size-woocommerce_thumbnail\" alt=\"2 maanden sporten bij FysioFocus\" \/><\/div>\n\t\t\t\t\t<div class=\"wc-block-grid__product-title\">2 maanden sporten bij FysioFocus<\/div>\n\t\t\t\t<\/a>\n\t\t\t\t<div class=\"wc-block-grid__product-price price\"><span class=\"woo-ua-winned-for expired\">Auction Expired<\/span> <\/div>\n\t\t\t\t\n\t\t\t\t<div class=\"wp-block-button wc-block-grid__product-add-to-cart\"><a href=\"https:\/\/veiling.rooice.nl\/en\/product\/2-maanden-sporten-bij-fysiofocus\/\" aria-label=\"Read more about \u201c2 maanden sporten bij FysioFocus\u201d\" data-quantity=\"1\" data-product_id=\"824\" data-product_sku=\"\" data-price=\"0\" rel=\"nofollow\" class=\"wp-block-button__link  add_to_cart_button\" data-no-translation-aria-label=\"\">Expired<\/a><\/div>\n\t\t\t<\/li><\/ul><\/div><\/div>\n<\/div>","protected":false},"excerpt":{"rendered":"","protected":false},"author":1,"featured_media":0,"parent":0,"menu_order":0,"comment_status":"closed","ping_status":"closed","template":"","meta":{"_et_pb_use_builder":"","_et_pb_old_content":"","_et_gb_content_width":"","footnotes":""},"class_list":["post-285","page","type-page","status-publish","hentry"],"_links":{"self":[{"href":"https:\/\/veiling.rooice.nl\/en\/wp-json\/wp\/v2\/pages\/285","targetHints":{"allow":["GET"]}}],"collection":[{"href":"https:\/\/veiling.rooice.nl\/en\/wp-json\/wp\/v2\/pages"}],"about":[{"href":"https:\/\/veiling.rooice.nl\/en\/wp-json\/wp\/v2\/types\/page"}],"author":[{"embeddable":true,"href":"https:\/\/veiling.rooice.nl\/en\/wp-json\/wp\/v2\/users\/1"}],"replies":[{"embeddable":true,"href":"https:\/\/veiling.rooice.nl\/en\/wp-json\/wp\/v2\/comments?post=285"}],"version-history":[{"count":3,"href":"https:\/\/veiling.rooice.nl\/en\/wp-json\/wp\/v2\/pages\/285\/revisions"}],"predecessor-version":[{"id":376,"href":"https:\/\/veiling.rooice.nl\/en\/wp-json\/wp\/v2\/pages\/285\/revisions\/376"}],"wp:attachment":[{"href":"https:\/\/veiling.rooice.nl\/en\/wp-json\/wp\/v2\/media?parent=285"}],"curies":[{"name":"wp","href":"https:\/\/api.w.org\/{rel}","templated":true}]}}